{"id":797,"date":"2024-10-25T06:49:27","date_gmt":"2024-10-25T06:49:27","guid":{"rendered":"https:\/\/wittybelle.com\/?page_id=797"},"modified":"2025-11-21T12:35:23","modified_gmt":"2025-11-21T12:35:23","slug":"about","status":"publish","type":"page","link":"https:\/\/wittybelle.com\/fr\/about\/","title":{"rendered":"\u00c0 propos de WittyBelle"},"content":{"rendered":"<div data-elementor-type=\"wp-page\" data-elementor-id=\"797\" class=\"elementor elementor-797\">\n\t\t\t\t<div class=\"wd-negative-gap elementor-element elementor-element-226a30d wd-section-stretch e-flex e-con-boxed e-con e-parent\" data-id=\"226a30d\" data-element_type=\"container\" data-e-type=\"container\" data-settings=\"{&quot;background_background&quot;:&quot;classic&quot;}\">\n\t\t\t\t\t<div class=\"e-con-inner\">\n\t\t\t\t<div class=\"elementor-element elementor-element-a383391 wd-width-100 elementor-widget elementor-widget-wd_title\" data-id=\"a383391\" data-element_type=\"widget\" data-e-type=\"widget\" data-widget_type=\"wd_title.default\">\n\t\t\t\t<div class=\"elementor-widget-container\">\n\t\t\t\t\t\t\t<div class=\"title-wrapper set-mb-s reset-last-child wd-title-color-primary wd-title-style-default wd-title-size-default text-center\">\n\n\t\t\t\n\t\t\t<div class=\"liner-continer\">\n\t\t\t\t<h4 class=\"woodmart-title-container title wd-fontsize-l\">De l&#039;esprit derri\u00e8re son rire<\/h4> \n\t\t\t\t\t\t\t<\/div>\n\n\t\t\t\t\t\t\t<div class=\"title-after_title set-cont-mb-s reset-last-child wd-fontsize-xs\">\n\t\t\t\t\t<p>Chez Wittybelle, nous pensons que la vraie beaut\u00e9 r\u00e9side dans l&#039;intelligence, la vivacit\u00e9 d&#039;esprit, le sens de l&#039;humour et m\u00eame le rire d&#039;une femme. Notre marque de cosm\u00e9tiques se consacre \u00e0 c\u00e9l\u00e9brer et \u00e0 mettre en valeur ces qualit\u00e9s uniques, en offrant bien plus que de simples soins de la peau : c&#039;est une c\u00e9l\u00e9bration de qui vous \u00eates.<\/p>\t\t\t\t<\/div>\n\t\t\t\t\t<\/div>\n\t\t\t\t\t\t<\/div>\n\t\t\t\t<\/div>\n\t\t\t\t\t<\/div>\n\t\t\t\t<\/div>\n\t\t<div class=\"wd-negative-gap elementor-element elementor-element-95c1931 wd-section-stretch e-flex e-con-boxed e-con e-parent\" data-id=\"95c1931\" data-element_type=\"container\" data-e-type=\"container\" data-settings=\"{&quot;background_background&quot;:&quot;classic&quot;}\">\n\t\t\t\t\t<div class=\"e-con-inner\">\n\t\t\t\t<div class=\"elementor-element elementor-element-0e660ae elementor-icon-list--layout-inline elementor-align-center elementor-list-item-link-full_width elementor-widget elementor-widget-icon-list\" data-id=\"0e660ae\" data-element_type=\"widget\" data-e-type=\"widget\" data-widget_type=\"icon-list.default\">\n\t\t\t\t\t\t\t<ul class=\"elementor-icon-list-items elementor-inline-items\">\n\t\t\t\t\t\t\t<li class=\"elementor-icon-list-item elementor-inline-item\">\n\t\t\t\t\t\t\t\t\t\t\t<a href=\"https:\/\/wittybelle.com\/fr\/about-wittybelle\/\">\n\n\t\t\t\t\t\t\t\t\t\t\t<span class=\"elementor-icon-list-text\">\u00c0 propos de Wittybelle<\/span>\n\t\t\t\t\t\t\t\t\t\t\t<\/a>\n\t\t\t\t\t\t\t\t\t<\/li>\n\t\t\t\t\t\t\t\t<li class=\"elementor-icon-list-item elementor-inline-item\">\n\t\t\t\t\t\t\t\t\t\t\t<a href=\"https:\/\/wittybelle.com\/fr\/certification\/\">\n\n\t\t\t\t\t\t\t\t\t\t\t<span class=\"elementor-icon-list-text\">Certification<\/span>\n\t\t\t\t\t\t\t\t\t\t\t<\/a>\n\t\t\t\t\t\t\t\t\t<\/li>\n\t\t\t\t\t\t<\/ul>\n\t\t\t\t\t\t<\/div>\n\t\t\t\t\t<\/div>\n\t\t\t\t<\/div>\n\t\t<div class=\"wd-negative-gap elementor-element elementor-element-0bd8df9 e-flex e-con-boxed e-con e-parent\" data-id=\"0bd8df9\" data-element_type=\"container\" data-e-type=\"container\">\n\t\t\t\t\t<div class=\"e-con-inner\">\n\t\t<div class=\"elementor-element elementor-element-c0c302e e-con-full e-flex e-con e-child\" data-id=\"c0c302e\" data-element_type=\"container\" data-e-type=\"container\">\n\t\t\t\t<div class=\"elementor-element elementor-element-0f434e0 elementor-widget elementor-widget-wd_text_block\" data-id=\"0f434e0\" data-element_type=\"widget\" data-e-type=\"widget\" data-widget_type=\"wd_text_block.default\">\n\t\t\t\t<div class=\"elementor-widget-container\">\n\t\t\t\t\t\t\t<div class=\"wd-text-block reset-last-child text-left\">\n\t\t\t\n\t\t\t<p>Chaque masque facial est infus\u00e9 d&#039;ingr\u00e9dients riches \u00e9quivalant \u00e0 une bouteille enti\u00e8re de s\u00e9rum, nourrissant, hydratant et revitalisant instantan\u00e9ment votre peau. Et ceux qui sont fabriqu\u00e9s \u00e0 partir de mat\u00e9riaux en bambou, non tiss\u00e9s et hydrogels, sont con\u00e7us pour \u00eatre plus qu&#039;un simple soin de beaut\u00e9. Ces masques prennent non seulement soin de votre peau, mais cr\u00e9ent \u00e9galement un moment sp\u00e9cial pour vous-m\u00eame. Au milieu d&#039;une vie bien remplie, ils vous offrent la joie de vous chouchouter, de respirer profond\u00e9ment et de donner \u00e0 votre peau les soins qu&#039;elle m\u00e9rite vraiment.<\/p><p>Avec des motifs ludiques et diverses options de masques, ce rituel \u00e9volue d&#039;une simple n\u00e9cessit\u00e9 vers une exp\u00e9rience joyeuse qui nourrit \u00e0 la fois votre peau et votre esprit. Le secret pour vous faire sourire et vous sentir rafra\u00eechi \u00e0 chaque masque se trouve ici.<\/p><p>Whether you're seeking anti-aging, deep hydration, skin nourishment, or wrinkle reduction, our masks provide the perfect solution for radiant, youthful skin. With our slogan, \"Wit Behind Her Laugh,\" we embrace the idea that beauty goes beyond the surface. It's about the joy, self-confidence and intelligence that shine through every smile. Our masks are not only effective but also bring a touch of fun to your skincare routine. Featuring playful designs and patterns, including animal prints, they make each application a delightful experience.<\/p><p>We understand the importance of self-care and how using our masks can make you feel like you're giving your skin the care it deserves. This is something you might not do every day but truly owe to your skin. It\u2019s almost as if you\u2019re apologizing to your skin for not always giving it the attention it needs.<\/p><p>Avec Wittybelle, les soins de la peau ne deviennent pas seulement une routine, mais un moment joyeux et m\u00e9morable de votre journ\u00e9e. Rejoignez-nous pour c\u00e9l\u00e9brer la beaut\u00e9 de l&#039;esprit, du rire et de la joie de vivre avec chaque masque que vous portez.<\/p>\n\t\t\t\t\t<\/div>\n\t\t\t\t\t\t<\/div>\n\t\t\t\t<\/div>\n\t\t\t\t<div class=\"elementor-element elementor-element-f186b3e elementor-widget elementor-widget-wd_text_block\" data-id=\"f186b3e\" data-element_type=\"widget\" data-e-type=\"widget\" data-widget_type=\"wd_text_block.default\">\n\t\t\t\t<div class=\"elementor-widget-container\">\n\t\t\t\t\t\t\t<div class=\"wd-text-block reset-last-child text-left\">\n\t\t\t\n\t\t\t<h3>Mission<\/h3><p>We offer innovative, effective, and fun skincare products to support women's inner and outer beauty, boosting their confidence. Believing that beauty is not only physical but also completed with intelligence, we help every woman unveil her unique glow. With our slogan, \"Wit behind her laugh!\", we accompany women on a journey that beautifies not only their faces but also their stories.<\/p><h3>Vision\u00a0<\/h3><p>To become an inclusive and inspiring brand that empowers women worldwide to feel both beautiful and intelligent. Through our innovative products and heartfelt approach, we aim to be a trusted leader in skincare, redefining beauty based on each woman's unique values. Wittybelle envisions a world where women's intelligence shines as brightly as their laughter.<br \/>We strive to help women view themselves with confidence, feeling strong both physically and emotionally. By offering natural, effective, and enjoyable products, we contribute to celebrating every woman's beauty through her own story.<\/p>\n\t\t\t\t\t<\/div>\n\t\t\t\t\t\t<\/div>\n\t\t\t\t<\/div>\n\t\t\t\t<\/div>\n\t\t<div class=\"elementor-element elementor-element-c873ee0 e-con-full e-flex e-con e-child\" data-id=\"c873ee0\" data-element_type=\"container\" data-e-type=\"container\">\n\t\t\t\t<div class=\"elementor-element elementor-element-e73887d wd-animation-slide-short-from-right wd-animation-normal wd_delay_100 elementor-widget elementor-widget-image\" data-id=\"e73887d\" data-element_type=\"widget\" data-e-type=\"widget\" data-widget_type=\"image.default\">\n\t\t\t\t\t\t\t\t\t\t\t\t\t\t\t<img fetchpriority=\"high\" decoding=\"async\" width=\"896\" height=\"1152\" src=\"https:\/\/wittybelle.com\/wp-content\/uploads\/2024\/10\/socialArtboard-1-copy-2.jpg\" class=\"attachment-full size-full wp-image-1033\" alt=\"\" srcset=\"https:\/\/wittybelle.com\/wp-content\/uploads\/2024\/10\/socialArtboard-1-copy-2.jpg 896w, https:\/\/wittybelle.com\/wp-content\/uploads\/2024\/10\/socialArtboard-1-copy-2-233x300.jpg 233w, https:\/\/wittybelle.com\/wp-content\/uploads\/2024\/10\/socialArtboard-1-copy-2-796x1024.jpg 796w, https:\/\/wittybelle.com\/wp-content\/uploads\/2024\/10\/socialArtboard-1-copy-2-768x987.jpg 768w, https:\/\/wittybelle.com\/wp-content\/uploads\/2024\/10\/socialArtboard-1-copy-2-9x12.jpg 9w, https:\/\/wittybelle.com\/wp-content\/uploads\/2024\/10\/socialArtboard-1-copy-2-150x193.jpg 150w\" sizes=\"(max-width: 896px) 100vw, 896px\" \/>\t\t\t\t\t\t\t\t\t\t\t\t\t\t\t<\/div>\n\t\t\t\t<\/div>\n\t\t\t\t\t<\/div>\n\t\t\t\t<\/div>\n\t\t\t\t<\/div>","protected":false},"excerpt":{"rendered":"<p>L&#039;esprit derri\u00e8re son rire En tant que Wittybelle, nous croyons que la vraie beaut\u00e9 se trouve dans l&#039;\u00e9clat de l&#039;intelligence d&#039;une femme,<\/p>","protected":false},"author":1,"featured_media":0,"parent":0,"menu_order":0,"comment_status":"closed","ping_status":"closed","template":"","meta":{"content-type":"","footnotes":""},"class_list":["post-797","page","type-page","status-publish","hentry"],"_links":{"self":[{"href":"https:\/\/wittybelle.com\/fr\/wp-json\/wp\/v2\/pages\/797","targetHints":{"allow":["GET"]}}],"collection":[{"href":"https:\/\/wittybelle.com\/fr\/wp-json\/wp\/v2\/pages"}],"about":[{"href":"https:\/\/wittybelle.com\/fr\/wp-json\/wp\/v2\/types\/page"}],"author":[{"embeddable":true,"href":"https:\/\/wittybelle.com\/fr\/wp-json\/wp\/v2\/users\/1"}],"replies":[{"embeddable":true,"href":"https:\/\/wittybelle.com\/fr\/wp-json\/wp\/v2\/comments?post=797"}],"version-history":[{"count":7,"href":"https:\/\/wittybelle.com\/fr\/wp-json\/wp\/v2\/pages\/797\/revisions"}],"predecessor-version":[{"id":1523,"href":"https:\/\/wittybelle.com\/fr\/wp-json\/wp\/v2\/pages\/797\/revisions\/1523"}],"wp:attachment":[{"href":"https:\/\/wittybelle.com\/fr\/wp-json\/wp\/v2\/media?parent=797"}],"curies":[{"name":"wp","href":"https:\/\/api.w.org\/{rel}","templated":true}]}}